{"id":2,"date":"2025-02-04T11:56:35","date_gmt":"2025-02-04T10:56:35","guid":{"rendered":"https:\/\/tomczykfizjoterapia.pl\/?page_id=2"},"modified":"2025-02-04T21:49:56","modified_gmt":"2025-02-04T20:49:56","slug":"przykladowa-strona","status":"publish","type":"page","link":"https:\/\/tomczykfizjoterapia.pl\/?page_id=2","title":{"rendered":"Przyk\u0142adowa strona"},"content":{"rendered":"\n<p>Tutaj jest tekst o tym jak pracuje i gdzie<\/p>\n\n\n\n<p>gdzie gdzie<\/p>\n\n\n\n<p>tu tu tau<\/p>\n\n\n\n<blockquote class=\"wp-block-quote is-layout-flow wp-block-quote-is-layout-flow\">\n<p>Cze\u015b\u0107! Za dnia jestem kurierem rowerowym, noc\u0105 pr\u00f3buj\u0119 swoich si\u0142 w aktorstwie, a to jest moja witryna. Mieszkam w Krakowie, mam wspania\u0142ego psa kt\u00f3ry wabi si\u0119 Reks i lubi\u0119 pi\u00f1a colad\u0119 (oraz spacery, gdy pada deszcz).<\/p>\n<\/blockquote>\n\n\n\n<p>&#8230;albo co\u015b takiego:<\/p>\n\n\n\n<blockquote class=\"wp-block-quote is-layout-flow wp-block-quote-is-layout-flow\">\n<p>Firma XYZ Doohickey zosta\u0142a za\u0142o\u017cona w 1971 roku i od tamtej pory dostarcza spo\u0142ecze\u0144stwu dobrej jako\u015bci gad\u017cety. Znajduj\u0105ca si\u0119 w Gotham City XYZ zatrudnia ponad 2000 os\u00f3b i robi niesamowite rzeczy dla spo\u0142eczno\u015bci Gotham.<\/p>\n<\/blockquote>\n\n\n\n<p>Jako nowy u\u017cytkownik WordPressa, powiniene\u015b przej\u015b\u0107 do <a href=\"https:\/\/tomczykfizjoterapia.pl\/wp-admin\/\">swojego kokpitu<\/a> aby usun\u0105\u0107 t\u0119 stron\u0119 i stworzy\u0107 nowe z w\u0142asn\u0105 tre\u015bci\u0105. Dobrej zabawy!<\/p>\n","protected":false},"excerpt":{"rendered":"<p>Tutaj jest tekst o tym jak pracuje i gdzie gdzie gdzie tu tu tau Cze\u015b\u0107! Za dnia jestem kurierem rowerowym, noc\u0105 pr\u00f3buj\u0119 swoich si\u0142 w aktorstwie, a to jest moja witryna. Mieszkam w Krakowie, mam wspania\u0142ego psa kt\u00f3ry wabi si\u0119 Reks i lubi\u0119 pi\u00f1a colad\u0119 (oraz spacery, gdy pada deszcz). &#8230;albo co\u015b takiego: Firma XYZ [&hellip;]<\/p>\n","protected":false},"author":1,"featured_media":0,"parent":0,"menu_order":0,"comment_status":"closed","ping_status":"open","template":"","meta":{"footnotes":""},"class_list":["post-2","page","type-page","status-publish","hentry"],"_links":{"self":[{"href":"https:\/\/tomczykfizjoterapia.pl\/index.php?rest_route=\/wp\/v2\/pages\/2","targetHints":{"allow":["GET"]}}],"collection":[{"href":"https:\/\/tomczykfizjoterapia.pl\/index.php?rest_route=\/wp\/v2\/pages"}],"about":[{"href":"https:\/\/tomczykfizjoterapia.pl\/index.php?rest_route=\/wp\/v2\/types\/page"}],"author":[{"embeddable":true,"href":"https:\/\/tomczykfizjoterapia.pl\/index.php?rest_route=\/wp\/v2\/users\/1"}],"replies":[{"embeddable":true,"href":"https:\/\/tomczykfizjoterapia.pl\/index.php?rest_route=%2Fwp%2Fv2%2Fcomments&post=2"}],"version-history":[{"count":1,"href":"https:\/\/tomczykfizjoterapia.pl\/index.php?rest_route=\/wp\/v2\/pages\/2\/revisions"}],"predecessor-version":[{"id":103,"href":"https:\/\/tomczykfizjoterapia.pl\/index.php?rest_route=\/wp\/v2\/pages\/2\/revisions\/103"}],"wp:attachment":[{"href":"https:\/\/tomczykfizjoterapia.pl\/index.php?rest_route=%2Fwp%2Fv2%2Fmedia&parent=2"}],"curies":[{"name":"wp","href":"https:\/\/api.w.org\/{rel}","templated":true}]}}